{"id":7500,"date":"2020-09-01T10:31:28","date_gmt":"2020-09-01T08:31:28","guid":{"rendered":"https:\/\/inkom.se\/producent\/"},"modified":"2024-04-25T06:17:42","modified_gmt":"2024-04-25T04:17:42","slug":"producent","status":"publish","type":"page","link":"https:\/\/inkom.se\/da\/producent\/","title":{"rendered":"Producent"},"content":{"rendered":"","protected":false},"excerpt":{"rendered":"","protected":false},"author":13,"featured_media":0,"parent":0,"menu_order":0,"comment_status":"closed","ping_status":"closed","template":"page-tillverkare.php","meta":{"_acf_changed":false,"_seopress_robots_primary_cat":"","_seopress_titles_title":"%%post_title%% og leverand\u00f8rer %%page%% %%sep%% %%sitetitle%%","_seopress_titles_desc":"Vi arbejder kun med f\u00f8rende internationale producenter og leverand\u00f8rer, der tilbyder komponenter af h\u00f8jeste kvalitet. L\u00e6s mere her!","_seopress_robots_index":"","content-type":"","footnotes":""},"class_list":["post-7500","page","type-page","status-publish","hentry"],"acf":[],"_links":{"self":[{"href":"https:\/\/inkom.se\/da\/wp-json\/wp\/v2\/pages\/7500","targetHints":{"allow":["GET"]}}],"collection":[{"href":"https:\/\/inkom.se\/da\/wp-json\/wp\/v2\/pages"}],"about":[{"href":"https:\/\/inkom.se\/da\/wp-json\/wp\/v2\/types\/page"}],"author":[{"embeddable":true,"href":"https:\/\/inkom.se\/da\/wp-json\/wp\/v2\/users\/13"}],"replies":[{"embeddable":true,"href":"https:\/\/inkom.se\/da\/wp-json\/wp\/v2\/comments?post=7500"}],"version-history":[{"count":8,"href":"https:\/\/inkom.se\/da\/wp-json\/wp\/v2\/pages\/7500\/revisions"}],"predecessor-version":[{"id":9506,"href":"https:\/\/inkom.se\/da\/wp-json\/wp\/v2\/pages\/7500\/revisions\/9506"}],"wp:attachment":[{"href":"https:\/\/inkom.se\/da\/wp-json\/wp\/v2\/media?parent=7500"}],"curies":[{"name":"wp","href":"https:\/\/api.w.org\/{rel}","templated":true}]}}