{"id":7527,"date":"2020-08-12T11:59:09","date_gmt":"2020-08-12T09:59:09","guid":{"rendered":"https:\/\/inkom.se\/ham\/"},"modified":"2024-04-17T11:57:12","modified_gmt":"2024-04-17T09:57:12","slug":"ham","status":"publish","type":"page","link":"https:\/\/inkom.se\/da\/","title":{"rendered":"Hjem"},"content":{"rendered":"","protected":false},"excerpt":{"rendered":"","protected":false},"author":13,"featured_media":7727,"parent":0,"menu_order":0,"comment_status":"closed","ping_status":"closed","template":"","meta":{"_acf_changed":false,"_seopress_robots_primary_cat":"","_seopress_titles_title":"Komponenter til nordisk industri %%page%% %%sep%% %%sitetitle%%","_seopress_titles_desc":"Industrikomponenter bestr\u00e6ber sig p\u00e5 at forsyne den nordiske industri med komponenter af h\u00f8j kvalitet. \u261e + 50 \u00e5r i branchen \u261e Skr\u00e6ddersyede l\u00f8sninger","_seopress_robots_index":"","content-type":"","footnotes":""},"class_list":["post-7527","page","type-page","status-publish","has-post-thumbnail","hentry"],"acf":[],"_links":{"self":[{"href":"https:\/\/inkom.se\/da\/wp-json\/wp\/v2\/pages\/7527","targetHints":{"allow":["GET"]}}],"collection":[{"href":"https:\/\/inkom.se\/da\/wp-json\/wp\/v2\/pages"}],"about":[{"href":"https:\/\/inkom.se\/da\/wp-json\/wp\/v2\/types\/page"}],"author":[{"embeddable":true,"href":"https:\/\/inkom.se\/da\/wp-json\/wp\/v2\/users\/13"}],"replies":[{"embeddable":true,"href":"https:\/\/inkom.se\/da\/wp-json\/wp\/v2\/comments?post=7527"}],"version-history":[{"count":1,"href":"https:\/\/inkom.se\/da\/wp-json\/wp\/v2\/pages\/7527\/revisions"}],"predecessor-version":[{"id":7528,"href":"https:\/\/inkom.se\/da\/wp-json\/wp\/v2\/pages\/7527\/revisions\/7528"}],"wp:featuredmedia":[{"embeddable":true,"href":"https:\/\/inkom.se\/da\/wp-json\/wp\/v2\/media\/7727"}],"wp:attachment":[{"href":"https:\/\/inkom.se\/da\/wp-json\/wp\/v2\/media?parent=7527"}],"curies":[{"name":"wp","href":"https:\/\/api.w.org\/{rel}","templated":true}]}}