{"id":10999,"date":"2020-08-12T15:48:44","date_gmt":"2020-08-12T13:48:44","guid":{"rendered":"https:\/\/inkom.se\/kontakt\/"},"modified":"2025-09-30T09:54:10","modified_gmt":"2025-09-30T07:54:10","slug":"kontakt","status":"publish","type":"page","link":"https:\/\/inkom.se\/no\/kontakt\/","title":{"rendered":"Kontakt oss"},"content":{"rendered":"","protected":false},"excerpt":{"rendered":"","protected":false},"author":13,"featured_media":0,"parent":0,"menu_order":0,"comment_status":"closed","ping_status":"closed","template":"","meta":{"_acf_changed":false,"_seopress_robots_primary_cat":"","_seopress_titles_title":"%%post_title%%a oss om industrikomponenter %%page%% %%sep%% %%sitetitle%%%","_seopress_titles_desc":"Har du sp\u00f8rsm\u00e5l om oss eller produktene v\u00e5re? Ta kontakt med oss! I virksomhet siden 1967 \u261e Levering i hele Norden  ","_seopress_robots_index":"","content-type":"","footnotes":""},"class_list":["post-10999","page","type-page","status-publish","hentry"],"acf":[],"_links":{"self":[{"href":"https:\/\/inkom.se\/no\/wp-json\/wp\/v2\/pages\/10999","targetHints":{"allow":["GET"]}}],"collection":[{"href":"https:\/\/inkom.se\/no\/wp-json\/wp\/v2\/pages"}],"about":[{"href":"https:\/\/inkom.se\/no\/wp-json\/wp\/v2\/types\/page"}],"author":[{"embeddable":true,"href":"https:\/\/inkom.se\/no\/wp-json\/wp\/v2\/users\/13"}],"replies":[{"embeddable":true,"href":"https:\/\/inkom.se\/no\/wp-json\/wp\/v2\/comments?post=10999"}],"version-history":[{"count":3,"href":"https:\/\/inkom.se\/no\/wp-json\/wp\/v2\/pages\/10999\/revisions"}],"predecessor-version":[{"id":12870,"href":"https:\/\/inkom.se\/no\/wp-json\/wp\/v2\/pages\/10999\/revisions\/12870"}],"wp:attachment":[{"href":"https:\/\/inkom.se\/no\/wp-json\/wp\/v2\/media?parent=10999"}],"curies":[{"name":"wp","href":"https:\/\/api.w.org\/{rel}","templated":true}]}}